{"id":1651,"date":"2022-05-24T16:32:10","date_gmt":"2022-05-24T14:32:10","guid":{"rendered":"https:\/\/belgradetransfers.net\/sr\/?page_id=1651"},"modified":"2022-06-06T10:48:44","modified_gmt":"2022-06-06T08:48:44","slug":"mapa-sajta","status":"publish","type":"page","link":"https:\/\/belgradetransfers.net\/sr\/mapa-sajta\/","title":{"rendered":"Mapa sajta"},"content":{"rendered":"<div class=\"wsp-container\"><h2 class=\"wsp-pages-title\">Pages<\/h2>\n<ul class=\"wsp-pages-list\">\n<li class=\"page_item page-item-137\"><a href=\"https:\/\/belgradetransfers.net\/sr\/cena-prevoza\/\">Cenovnik<\/a><\/li>\n<li class=\"page_item page-item-130\"><a href=\"https:\/\/belgradetransfers.net\/sr\/hvala\/\">Hvala<\/a><\/li>\n<li class=\"page_item page-item-108\"><a href=\"https:\/\/belgradetransfers.net\/sr\/kontakt\/\">Kontakt<\/a><\/li>\n<li class=\"page_item page-item-1651\"><a href=\"https:\/\/belgradetransfers.net\/sr\/mapa-sajta\/\">Mapa sajta<\/a><\/li>\n<li class=\"page_item page-item-11\"><a href=\"https:\/\/belgradetransfers.net\/sr\/\">Po\u010detna<\/a><\/li>\n<li class=\"page_item page-item-3\"><a href=\"https:\/\/belgradetransfers.net\/sr\/privacy-policy\/\">Privacy Policy<\/a><\/li>\n<\/ul>\n<\/div>\n<p>&nbsp;<\/p>\n<div class=\"wsp-container\"><h2 class=\"wsp-posts-title\">Posts by category<\/h2>\n<ul class=\"wsp-posts-list\">\n\t<li><strong class=\"wsp-category-title\">Category: <a href=\"https:\/\/belgradetransfers.net\/sr\/blog\/\">Blog<\/a><\/strong>\n<ul class=\"wsp-posts-list\">\t\t<li class=\"wsp-post\"><a href=\"https:\/\/belgradetransfers.net\/sr\/najam-minibusa-sa-vozacem\/\">Najam Minibusa sa Voza\u010dem<\/a><\/li>\n\t\t<li class=\"wsp-post\"><a href=\"https:\/\/belgradetransfers.net\/sr\/kombi-sa-vozacem\/\">Iznajmljivanje kombija sa voza\u010dem Beograd \u2013 Va\u0161 privatni prevoz bez kompromisa<\/a><\/li>\n\t\t<li class=\"wsp-post\"><a href=\"https:\/\/belgradetransfers.net\/sr\/prevoz-do-aerodroma\/\">Najbolji prevoz do aerodroma<\/a><\/li>\n\t\t<li class=\"wsp-post\"><a href=\"https:\/\/belgradetransfers.net\/sr\/taxi-do-aerodroma\/\">Zakazivanje taxi vo\u017enje do aerodrodroma<\/a><\/li>\n<\/ul><\/li>\n\t<li><strong class=\"wsp-category-title\">Category: <a href=\"https:\/\/belgradetransfers.net\/sr\/destinacije\/\">Destinacije<\/a><\/strong>\n<ul class=\"wsp-posts-list\">\t\t<li class=\"wsp-post\"><a href=\"https:\/\/belgradetransfers.net\/sr\/taxi-transfer-od-beograda-do-zlatibora\/\">Premium Taxi Prevoz Beograd &#8211; Zlatibor<\/a><\/li>\n\t\t<li class=\"wsp-post\"><a href=\"https:\/\/belgradetransfers.net\/sr\/transfer-iz-beograda-na-kopaonik\/\">Transfer iz Beograda na Kopaonik<\/a><\/li>\n<\/ul><\/li>\n\t<li><strong class=\"wsp-category-title\">Category: <a href=\"https:\/\/belgradetransfers.net\/sr\/info\/\">Info<\/a><\/strong>\n<\/li>\n\t<li><strong class=\"wsp-category-title\">Category: <a href=\"https:\/\/belgradetransfers.net\/sr\/transferi\/\">Transferi<\/a><\/strong>\n<ul class=\"wsp-posts-list\">\t\t<li class=\"wsp-post\"><a href=\"https:\/\/belgradetransfers.net\/sr\/taxi-prevoz-beograd-indjija\/\">Taxi prevoz Beograd &#8211; In\u0111ija<\/a><\/li>\n\t\t<li class=\"wsp-post\"><a href=\"https:\/\/belgradetransfers.net\/sr\/taxi-prevoz-beograd-stara-pazova\/\">Taxi prevoz Beograd &#8211; Stara Pazova<\/a><\/li>\n\t\t<li class=\"wsp-post\"><a href=\"https:\/\/belgradetransfers.net\/sr\/taxi-prevoz-beograd-zlatar\/\">Taxi prevoz Beograd &#8211; Zlatar<\/a><\/li>\n\t\t<li class=\"wsp-post\"><a href=\"https:\/\/belgradetransfers.net\/sr\/taxi-prevoz-beograd-backa-topola\/\">Taxi prevoz Beograd &#8211; Ba\u010dka Topola<\/a><\/li>\n\t\t<li class=\"wsp-post\"><a href=\"https:\/\/belgradetransfers.net\/sr\/taxi-prevoz-beograd-backa-palanka\/\">Taxi prevoz Beograd &#8211; Ba\u010dka Palanka<\/a><\/li>\n\t\t<li class=\"wsp-post\"><a href=\"https:\/\/belgradetransfers.net\/sr\/taxi-prevoz-beograd-vukovar\/\">Taxi prevoz Beograd &#8211; Vukovar<\/a><\/li>\n\t\t<li class=\"wsp-post\"><a href=\"https:\/\/belgradetransfers.net\/sr\/taxi-prevoz-beograd-osijek\/\">Taxi prevoz Beograd &#8211; Osijek<\/a><\/li>\n\t\t<li class=\"wsp-post\"><a href=\"https:\/\/belgradetransfers.net\/sr\/taxi-prevoz-beograd-zagreb\/\">Taxi prevoz Beograd &#8211; Zagreb<\/a><\/li>\n\t\t<li class=\"wsp-post\"><a href=\"https:\/\/belgradetransfers.net\/sr\/taxi-prevoz-beograd-banjaluka\/\">Taxi prevoz Beograd &#8211; Banja Luka<\/a><\/li>\n\t\t<li class=\"wsp-post\"><a href=\"https:\/\/belgradetransfers.net\/sr\/taxi-prevoz-beograd-sarajevo\/\">Taxi prevoz Beograd &#8211; Sarajevo<\/a><\/li>\n\t\t<li class=\"wsp-post\"><a href=\"https:\/\/belgradetransfers.net\/sr\/taxi-prevoz-beograd-zvornik\/\">Taxi prevoz Beograd &#8211; Zvornik<\/a><\/li>\n\t\t<li class=\"wsp-post\"><a href=\"https:\/\/belgradetransfers.net\/sr\/taxi-prevoz-beograd-tuzla\/\">Taxi prevoz Beograd &#8211; Tuzla<\/a><\/li>\n\t\t<li class=\"wsp-post\"><a href=\"https:\/\/belgradetransfers.net\/sr\/taxi-prevoz-beograd-doboj\/\">Taxi prevoz Beograd &#8211; Doboj<\/a><\/li>\n\t\t<li class=\"wsp-post\"><a href=\"https:\/\/belgradetransfers.net\/sr\/taxi-prevoz-beograd-kanjiza\/\">Taxi prevoz Beograd &#8211; Banja Kanji\u017ea<\/a><\/li>\n\t\t<li class=\"wsp-post\"><a href=\"https:\/\/belgradetransfers.net\/sr\/taxi-prevoz-beograd-niska-banja\/\">Taxi prevoz Beograd &#8211; Ni\u0161ka Banja<\/a><\/li>\n\t\t<li class=\"wsp-post\"><a href=\"https:\/\/belgradetransfers.net\/sr\/taxi-prevoz-beograd-banja-zdrelo\/\">Taxi prevoz Beograd &#8211; Banja \u017ddrelo<\/a><\/li>\n\t\t<li class=\"wsp-post\"><a href=\"https:\/\/belgradetransfers.net\/sr\/taxi-prevoz-beograd-prolom-banja\/\">Taxi prevoz Beograd &#8211; Prolom Banja<\/a><\/li>\n\t\t<li class=\"wsp-post\"><a href=\"https:\/\/belgradetransfers.net\/sr\/taxi-prevoz-beograd-ruma\/\">Taxi prevoz Beograd &#8211; Ruma<\/a><\/li>\n\t\t<li class=\"wsp-post\"><a href=\"https:\/\/belgradetransfers.net\/sr\/taxi-prevoz-beograd-kostolac\/\">Taxi prevoz Beograd &#8211; Kostolac<\/a><\/li>\n\t\t<li class=\"wsp-post\"><a href=\"https:\/\/belgradetransfers.net\/sr\/taxi-prevoz-beograd-veliko-gradiste\/\">Taxi prevoz Beograd &#8211; Veliko Gradi\u0161te<\/a><\/li>\n\t\t<li class=\"wsp-post\"><a href=\"https:\/\/belgradetransfers.net\/sr\/taxi-prevoz-beograd-branicevo\/\">Taxi prevoz Beograd &#8211; Brani\u010devo<\/a><\/li>\n\t\t<li class=\"wsp-post\"><a href=\"https:\/\/belgradetransfers.net\/sr\/taxi-prevoz-beograd-srebrno-jezero\/\">Taxi prevoz Beograd &#8211; Srebrno Jezero<\/a><\/li>\n\t\t<li class=\"wsp-post\"><a href=\"https:\/\/belgradetransfers.net\/sr\/taxi-prevoz-beograd-aleksinac\/\">Taxi prevoz Beograd &#8211; Aleksinac<\/a><\/li>\n\t\t<li class=\"wsp-post\"><a href=\"https:\/\/belgradetransfers.net\/sr\/taxi-prevoz-beograd-pirot\/\">Taxi prevoz Beograd &#8211; Pirot<\/a><\/li>\n\t\t<li class=\"wsp-post\"><a href=\"https:\/\/belgradetransfers.net\/sr\/taxi-prevoz-beograd-vranje\/\">Taxi prevoz Beograd &#8211; Vranje<\/a><\/li>\n\t\t<li class=\"wsp-post\"><a href=\"https:\/\/belgradetransfers.net\/sr\/taxi-prevoz-beograd-leskovac\/\">Taxi prevoz Beograd &#8211; Leskovac<\/a><\/li>\n\t\t<li class=\"wsp-post\"><a href=\"https:\/\/belgradetransfers.net\/sr\/taxi-prevoz-beograd-pancevo\/\">Taxi prevoz Beograd &#8211; Pan\u010devo<\/a><\/li>\n\t\t<li class=\"wsp-post\"><a href=\"https:\/\/belgradetransfers.net\/sr\/taxi-prevoz-beograd-smederevo\/\">Taxi prevoz Beograd &#8211; Smederevo<\/a><\/li>\n\t\t<li class=\"wsp-post\"><a href=\"https:\/\/belgradetransfers.net\/sr\/taxi-prevoz-beograd-raske\/\">Taxi prevoz Beograd &#8211; Ra\u0161ka<\/a><\/li>\n\t\t<li class=\"wsp-post\"><a href=\"https:\/\/belgradetransfers.net\/sr\/taxi-prevoz-beograd-novi-pazar\/\">Taxi prevoz Beograd &#8211; Novi Pazar<\/a><\/li>\n\t\t<li class=\"wsp-post\"><a href=\"https:\/\/belgradetransfers.net\/sr\/taxi-prevoz-beograd-podgorica\/\">Taxi prevoz Beograd &#8211; Podgorica<\/a><\/li>\n\t\t<li class=\"wsp-post\"><a href=\"https:\/\/belgradetransfers.net\/sr\/taxi-prevoz-beograd-ljubovija\/\">Taxi prevoz Beograd &#8211; Ljubovija<\/a><\/li>\n\t\t<li class=\"wsp-post\"><a href=\"https:\/\/belgradetransfers.net\/sr\/taxi-prevoz-beograd-bajina-basta\/\">Taxi prevoz Beograd &#8211; Bajina Ba\u0161ta<\/a><\/li>\n\t\t<li class=\"wsp-post\"><a href=\"https:\/\/belgradetransfers.net\/sr\/taxi-prevoz-beograd-arilje\/\">Taxi prevoz Beograd &#8211; Arilje<\/a><\/li>\n\t\t<li class=\"wsp-post\"><a href=\"https:\/\/belgradetransfers.net\/sr\/taxi-prevoz-beograd-ivanjica\/\">Taxi prevoz Beograd &#8211; Ivanjica<\/a><\/li>\n\t\t<li class=\"wsp-post\"><a href=\"https:\/\/belgradetransfers.net\/sr\/taxi-prevoz-beograd-prokuplje\/\">Taxi prevoz Beograd &#8211; Prokuplje<\/a><\/li>\n\t\t<li class=\"wsp-post\"><a href=\"https:\/\/belgradetransfers.net\/sr\/taxi-prevoz-beograd-skoplje\/\">Taxi prevoz Beograd &#8211; Skoplje<\/a><\/li>\n\t\t<li class=\"wsp-post\"><a href=\"https:\/\/belgradetransfers.net\/sr\/taxi-prevoz-beograd-paracin\/\">Taxi prevoz Beograd &#8211; Para\u0107in<\/a><\/li>\n\t\t<li class=\"wsp-post\"><a href=\"https:\/\/belgradetransfers.net\/sr\/taxi-prevoz-beograd-negotin\/\">Taxi prevoz Beograd &#8211; Negotin<\/a><\/li>\n\t\t<li class=\"wsp-post\"><a href=\"https:\/\/belgradetransfers.net\/sr\/taxi-prevoz-beograd-bor\/\">Taxi prevoz Beograd &#8211; Bor<\/a><\/li>\n\t\t<li class=\"wsp-post\"><a href=\"https:\/\/belgradetransfers.net\/sr\/taxi-prevoz-beograd-zajecar\/\">Taxi prevoz Beograd &#8211; Zaje\u010dar<\/a><\/li>\n\t\t<li class=\"wsp-post\"><a href=\"https:\/\/belgradetransfers.net\/sr\/taxi-prevoz-beograd-soko-banja\/\">Taxi prevoz Beograd &#8211; Sokobanja<\/a><\/li>\n\t\t<li class=\"wsp-post\"><a href=\"https:\/\/belgradetransfers.net\/sr\/taxi-prevoz-beograd-rtanj\/\">Taxi prevoz Beograd &#8211; Rtanj<\/a><\/li>\n\t\t<li class=\"wsp-post\"><a href=\"https:\/\/belgradetransfers.net\/sr\/taxi-prevoz-beograd-banja-vrujci\/\">Taxi prevoz Beograd &#8211; Banja Vrujci<\/a><\/li>\n\t\t<li class=\"wsp-post\"><a href=\"https:\/\/belgradetransfers.net\/sr\/taxi-prevoz-beograd-ljig\/\">Taxi prevoz Beograd &#8211; Ljig<\/a><\/li>\n\t\t<li class=\"wsp-post\"><a href=\"https:\/\/belgradetransfers.net\/sr\/taxi-prevoz-beograd-mionica\/\">Taxi prevoz Beograd &#8211; Mionica<\/a><\/li>\n\t\t<li class=\"wsp-post\"><a href=\"https:\/\/belgradetransfers.net\/sr\/taxi-prevoz-beograd-pozarevac\/\">Taxi prevoz Beograd &#8211; Po\u017earevac<\/a><\/li>\n\t\t<li class=\"wsp-post\"><a href=\"https:\/\/belgradetransfers.net\/sr\/taxi-prevoz-beograd-bela-crkva\/\">Taxi prevoz Beograd &#8211; Bela Crkva<\/a><\/li>\n\t\t<li class=\"wsp-post\"><a href=\"https:\/\/belgradetransfers.net\/sr\/taxi-prevoz-beograd-vrsac\/\">Taxi prevoz Beograd &#8211; Vr\u0161ac<\/a><\/li>\n\t\t<li class=\"wsp-post\"><a href=\"https:\/\/belgradetransfers.net\/sr\/taxi-prevoz-beograd-vrdnik\/\">Taxi prevoz Beograd &#8211; Vrdnik<\/a><\/li>\n\t\t<li class=\"wsp-post\"><a href=\"https:\/\/belgradetransfers.net\/sr\/taxi-prevoz-beograd-tara\/\">Taxi prevoz Beograd &#8211; Tara<\/a><\/li>\n\t\t<li class=\"wsp-post\"><a href=\"https:\/\/belgradetransfers.net\/sr\/taxi-prevoz-beograd-divcibare\/\">Taxi prevoz Beograd &#8211; Div\u010dibare<\/a><\/li>\n\t\t<li class=\"wsp-post\"><a href=\"https:\/\/belgradetransfers.net\/sr\/taxi-prevoz-beograd-sremska-mitrovica\/\">Taxi prevoz Beograd &#8211; Sremska Mitrovica<\/a><\/li>\n\t\t<li class=\"wsp-post\"><a href=\"https:\/\/belgradetransfers.net\/sr\/taxi-prevoz-beograd-apatin\/\">Taxi prevoz Beograd &#8211; Apatin<\/a><\/li>\n\t\t<li class=\"wsp-post\"><a href=\"https:\/\/belgradetransfers.net\/sr\/taxi-prevoz-beograd-sombora\/\">Taxi prevoz Beograd &#8211; Sombor<\/a><\/li>\n\t\t<li class=\"wsp-post\"><a href=\"https:\/\/belgradetransfers.net\/sr\/taxi-prevoz-beograd-kikinda\/\">Taxi prevoz Beograd &#8211; Kikinda<\/a><\/li>\n\t\t<li class=\"wsp-post\"><a href=\"https:\/\/belgradetransfers.net\/sr\/taxi-prevoz-beograd-zrenjanin\/\">Taxi prevoz Beograd &#8211; Zrenjanin<\/a><\/li>\n\t\t<li class=\"wsp-post\"><a href=\"https:\/\/belgradetransfers.net\/sr\/taxi-prevoz-beograd-cuprija\/\">Taxi prevoz Beograd &#8211; \u0106uprija<\/a><\/li>\n\t\t<li class=\"wsp-post\"><a href=\"https:\/\/belgradetransfers.net\/sr\/taxi-prevoz-beograd-arandjelovac\/\">Taxi prevoz Beograd &#8211; Aran\u0111elovac<\/a><\/li>\n\t\t<li class=\"wsp-post\"><a href=\"https:\/\/belgradetransfers.net\/sr\/taxi-prevoz-beograd-mladenovac\/\">Taxi prevoz Beograd &#8211; Mladenovac<\/a><\/li>\n\t\t<li class=\"wsp-post\"><a href=\"https:\/\/belgradetransfers.net\/sr\/taxi-prevoz-beograd-uzice\/\">Taxi prevoz Beograd &#8211; U\u017eice<\/a><\/li>\n\t\t<li class=\"wsp-post\"><a href=\"https:\/\/belgradetransfers.net\/sr\/taxi-prevoz-beograd-pozega\/\">Taxi prevoz Beograd &#8211; Po\u017eega<\/a><\/li>\n\t\t<li class=\"wsp-post\"><a href=\"https:\/\/belgradetransfers.net\/sr\/taxi-prevoz-beograd-donji-milanovac\/\">Taxi prevoz Beograd &#8211; Donji Milanovac<\/a><\/li>\n\t\t<li class=\"wsp-post\"><a href=\"https:\/\/belgradetransfers.net\/sr\/taxi-prevoz-beograd-gornji-milanovac\/\">Taxi prevoz Beograd &#8211; Gornji Milanovac<\/a><\/li>\n\t\t<li class=\"wsp-post\"><a href=\"https:\/\/belgradetransfers.net\/sr\/taxi-prevoz-beograd-cacak\/\">Taxi prevoz Beograd &#8211; \u010ca\u010dak<\/a><\/li>\n\t\t<li class=\"wsp-post\"><a href=\"https:\/\/belgradetransfers.net\/sr\/taxi-prevoz-beograd-kraljevo\/\">Taxi prevoz Beograd &#8211; Kraljevo<\/a><\/li>\n\t\t<li class=\"wsp-post\"><a href=\"https:\/\/belgradetransfers.net\/sr\/taxi-prevoz-beograd-krusevac\/\">Taxi prevoz Beograd &#8211; Kru\u0161evac<\/a><\/li>\n\t\t<li class=\"wsp-post\"><a href=\"https:\/\/belgradetransfers.net\/sr\/taxi-prevoz-beograd-kragujevac\/\">Taxi prevoz Beograd &#8211; Kragujevac<\/a><\/li>\n\t\t<li class=\"wsp-post\"><a href=\"https:\/\/belgradetransfers.net\/sr\/taxi-prevoz-beograd-subotica\/\">Taxi prevoz Beograd &#8211; Subotica<\/a><\/li>\n\t\t<li class=\"wsp-post\"><a href=\"https:\/\/belgradetransfers.net\/sr\/taxi-prevoz-beograd-novi-sad\/\">Taxi prevoz Beograd &#8211; Novi Sad<\/a><\/li>\n\t\t<li class=\"wsp-post\"><a href=\"https:\/\/belgradetransfers.net\/sr\/taxi-prevoz-beograd-lajkovac\/\">Taxi prevoz Beograd &#8211; Lajkovac<\/a><\/li>\n\t\t<li class=\"wsp-post\"><a href=\"https:\/\/belgradetransfers.net\/sr\/taxi-prevoz-beograd-lazarevac\/\">Taxi prevoz Beograd &#8211; Lazarevac<\/a><\/li>\n\t\t<li class=\"wsp-post\"><a href=\"https:\/\/belgradetransfers.net\/sr\/taxi-prevoz-beograd-banja-koviljaca\/\">Taxi prevoz Beograd &#8211; Banja Kovilja\u010da<\/a><\/li>\n\t\t<li class=\"wsp-post\"><a href=\"https:\/\/belgradetransfers.net\/sr\/taxi-prevoz-beograd-loznica\/\">Taxi prevoz Beograd &#8211; Loznica<\/a><\/li>\n\t\t<li class=\"wsp-post\"><a href=\"https:\/\/belgradetransfers.net\/sr\/taxi-prevoz-beograd-sabac\/\">Taxi prevoz Beograd &#8211; \u0160abac<\/a><\/li>\n\t\t<li class=\"wsp-post\"><a href=\"https:\/\/belgradetransfers.net\/sr\/taxi-prevoz-beograd-valjevo\/\">Taxi prevoz Beograd &#8211; Valjevo<\/a><\/li>\n\t\t<li class=\"wsp-post\"><a href=\"https:\/\/belgradetransfers.net\/sr\/taxi-prevoz-beograd-jagodina\/\">Taxi prevoz Beograd &#8211; Jagodina<\/a><\/li>\n\t\t<li class=\"wsp-post\"><a href=\"https:\/\/belgradetransfers.net\/sr\/taxi-prevoz-beograd-nis\/\">Taxi prevoz Beograd &#8211; Ni\u0161<\/a><\/li>\n\t\t<li class=\"wsp-post\"><a href=\"https:\/\/belgradetransfers.net\/sr\/taxi-prevoz-beograd-vrnjacka-banja\/\">Taxi prevoz Beograd &#8211; Vrnja\u010dka Banja<\/a><\/li>\n<\/ul><\/li>\n<\/ul>\n<\/div>\n<p>&nbsp;<\/p>\n<h2>Jezici:<\/h2>\n<ul>\n<li><a href=\"https:\/\/belgradetransfers.net\/sr\/\">Srpski<\/a><\/li>\n<li><a href=\"https:\/\/belgradetransfers.net\/\">Engleski<\/a><\/li>\n<li><a href=\"https:\/\/belgradetransfers.net\/cn\/\">Kineski<\/a><\/li>\n<li><a href=\"https:\/\/belgradetransfers.net\/ru\/\">Ruski<\/a><\/li>\n<li><a href=\"https:\/\/belgradetransfers.net\/he\/\">Hebrejski<\/a><\/li>\n<li><a href=\"https:\/\/belgradetransfers.net\/tr\/\">Turski<\/a><\/li>\n<li><a href=\"https:\/\/belgradetransfers.net\/de\/\">Nema\u010dki<\/a><\/li>\n<\/ul>\n","protected":false},"excerpt":{"rendered":"<p>&nbsp; &nbsp; Jezici: Srpski Engleski Kineski Ruski Hebrejski Turski Nema\u010dki<\/p>\n","protected":false},"author":1,"featured_media":867,"parent":0,"menu_order":0,"comment_status":"closed","ping_status":"closed","template":"","meta":{"_acf_changed":false,"_et_pb_use_builder":"","_et_pb_old_content":"","_et_gb_content_width":"","footnotes":""},"class_list":["post-1651","page","type-page","status-publish","has-post-thumbnail","hentry"],"acf":[],"yoast_head":"<!-- This site is optimized with the Yoast SEO plugin v27.4 - https:\/\/yoast.com\/product\/yoast-seo-wordpress\/ -->\n<title>Mapa sajta | Belgrade Transfers<\/title>\n<meta name=\"description\" content=\"Prona\u0111ite \u017eeljenu stranicu sa na\u0161eg sajta. U mapi sajta prikazani su svi postovi i sve stranice koje su objavljene.\" \/>\n<meta name=\"robots\" content=\"index, follow, max-snippet:-1, max-image-preview:large, max-video-preview:-1\" \/>\n<link rel=\"canonical\" href=\"https:\/\/belgradetransfers.net\/sr\/mapa-sajta\/\" \/>\n<meta property=\"og:locale\" content=\"sr_RS\" \/>\n<meta property=\"og:type\" content=\"article\" \/>\n<meta property=\"og:title\" content=\"Mapa sajta | Belgrade Transfers\" \/>\n<meta property=\"og:description\" content=\"Prona\u0111ite \u017eeljenu stranicu sa na\u0161eg sajta. U mapi sajta prikazani su svi postovi i sve stranice koje su objavljene.\" \/>\n<meta property=\"og:url\" content=\"https:\/\/belgradetransfers.net\/sr\/mapa-sajta\/\" \/>\n<meta property=\"og:site_name\" content=\"Belgrade Transfers\" \/>\n<meta property=\"article:publisher\" content=\"https:\/\/www.facebook.com\/Belgrade-Transfers-1443917099045016\/\" \/>\n<meta property=\"article:modified_time\" content=\"2022-06-06T08:48:44+00:00\" \/>\n<meta property=\"og:image\" content=\"https:\/\/belgradetransfers.net\/sr\/wp-content\/uploads\/2020\/08\/3d-mockup.jpg\" \/>\n\t<meta property=\"og:image:width\" content=\"1775\" \/>\n\t<meta property=\"og:image:height\" content=\"1080\" \/>\n\t<meta property=\"og:image:type\" content=\"image\/jpeg\" \/>\n<meta name=\"twitter:card\" content=\"summary_large_image\" \/>\n<meta name=\"twitter:site\" content=\"@BGD_Transfers\" \/>\n<meta name=\"twitter:label1\" content=\"\u041f\u0440\u043e\u0446\u0435\u045a\u0435\u043d\u043e \u0432\u0440\u0435\u043c\u0435 \u0447\u0438\u0442\u0430\u045a\u0430\" \/>\n\t<meta name=\"twitter:data1\" content=\"1 \u043c\u0438\u043d\u0443\u0442\" \/>\n<script type=\"application\/ld+json\" class=\"yoast-schema-graph\">{\"@context\":\"https:\\\/\\\/schema.org\",\"@graph\":[{\"@type\":\"WebPage\",\"@id\":\"https:\\\/\\\/belgradetransfers.net\\\/sr\\\/mapa-sajta\\\/\",\"url\":\"https:\\\/\\\/belgradetransfers.net\\\/sr\\\/mapa-sajta\\\/\",\"name\":\"Mapa sajta | Belgrade Transfers\",\"isPartOf\":{\"@id\":\"https:\\\/\\\/belgradetransfers.net\\\/sr\\\/#website\"},\"primaryImageOfPage\":{\"@id\":\"https:\\\/\\\/belgradetransfers.net\\\/sr\\\/mapa-sajta\\\/#primaryimage\"},\"image\":{\"@id\":\"https:\\\/\\\/belgradetransfers.net\\\/sr\\\/mapa-sajta\\\/#primaryimage\"},\"thumbnailUrl\":\"https:\\\/\\\/belgradetransfers.net\\\/sr\\\/wp-content\\\/uploads\\\/2020\\\/08\\\/3d-mockup.jpg\",\"datePublished\":\"2022-05-24T14:32:10+00:00\",\"dateModified\":\"2022-06-06T08:48:44+00:00\",\"description\":\"Prona\u0111ite \u017eeljenu stranicu sa na\u0161eg sajta. U mapi sajta prikazani su svi postovi i sve stranice koje su objavljene.\",\"breadcrumb\":{\"@id\":\"https:\\\/\\\/belgradetransfers.net\\\/sr\\\/mapa-sajta\\\/#breadcrumb\"},\"inLanguage\":\"sr-RS\",\"potentialAction\":[{\"@type\":\"ReadAction\",\"target\":[\"https:\\\/\\\/belgradetransfers.net\\\/sr\\\/mapa-sajta\\\/\"]}]},{\"@type\":\"ImageObject\",\"inLanguage\":\"sr-RS\",\"@id\":\"https:\\\/\\\/belgradetransfers.net\\\/sr\\\/mapa-sajta\\\/#primaryimage\",\"url\":\"https:\\\/\\\/belgradetransfers.net\\\/sr\\\/wp-content\\\/uploads\\\/2020\\\/08\\\/3d-mockup.jpg\",\"contentUrl\":\"https:\\\/\\\/belgradetransfers.net\\\/sr\\\/wp-content\\\/uploads\\\/2020\\\/08\\\/3d-mockup.jpg\",\"width\":1775,\"height\":1080,\"caption\":\"Belgrade Transfers Office\"},{\"@type\":\"BreadcrumbList\",\"@id\":\"https:\\\/\\\/belgradetransfers.net\\\/sr\\\/mapa-sajta\\\/#breadcrumb\",\"itemListElement\":[{\"@type\":\"ListItem\",\"position\":1,\"name\":\"Home\",\"item\":\"https:\\\/\\\/belgradetransfers.net\\\/sr\\\/\"},{\"@type\":\"ListItem\",\"position\":2,\"name\":\"Mapa sajta\"}]},{\"@type\":\"WebSite\",\"@id\":\"https:\\\/\\\/belgradetransfers.net\\\/sr\\\/#website\",\"url\":\"https:\\\/\\\/belgradetransfers.net\\\/sr\\\/\",\"name\":\"Belgrade Transfers\",\"description\":\"Book your airport or intercity transfer in Serbia\",\"publisher\":{\"@id\":\"https:\\\/\\\/belgradetransfers.net\\\/sr\\\/#organization\"},\"potentialAction\":[{\"@type\":\"SearchAction\",\"target\":{\"@type\":\"EntryPoint\",\"urlTemplate\":\"https:\\\/\\\/belgradetransfers.net\\\/sr\\\/?s={search_term_string}\"},\"query-input\":{\"@type\":\"PropertyValueSpecification\",\"valueRequired\":true,\"valueName\":\"search_term_string\"}}],\"inLanguage\":\"sr-RS\"},{\"@type\":\"Organization\",\"@id\":\"https:\\\/\\\/belgradetransfers.net\\\/sr\\\/#organization\",\"name\":\"Belgradre Transfers\",\"url\":\"https:\\\/\\\/belgradetransfers.net\\\/sr\\\/\",\"logo\":{\"@type\":\"ImageObject\",\"inLanguage\":\"sr-RS\",\"@id\":\"https:\\\/\\\/belgradetransfers.net\\\/sr\\\/#\\\/schema\\\/logo\\\/image\\\/\",\"url\":\"https:\\\/\\\/belgradetransfers.net\\\/sr\\\/wp-content\\\/uploads\\\/2020\\\/08\\\/BT-logo-01-e1598293711481.png\",\"contentUrl\":\"https:\\\/\\\/belgradetransfers.net\\\/sr\\\/wp-content\\\/uploads\\\/2020\\\/08\\\/BT-logo-01-e1598293711481.png\",\"width\":537,\"height\":177,\"caption\":\"Belgradre Transfers\"},\"image\":{\"@id\":\"https:\\\/\\\/belgradetransfers.net\\\/sr\\\/#\\\/schema\\\/logo\\\/image\\\/\"},\"sameAs\":[\"https:\\\/\\\/www.facebook.com\\\/Belgrade-Transfers-1443917099045016\\\/\",\"https:\\\/\\\/x.com\\\/BGD_Transfers\",\"https:\\\/\\\/www.instagram.com\\\/belgrade_airport_transfers\\\/\"]}]}<\/script>\n<!-- \/ Yoast SEO plugin. -->","yoast_head_json":{"title":"Mapa sajta | Belgrade Transfers","description":"Prona\u0111ite \u017eeljenu stranicu sa na\u0161eg sajta. U mapi sajta prikazani su svi postovi i sve stranice koje su objavljene.","robots":{"index":"index","follow":"follow","max-snippet":"max-snippet:-1","max-image-preview":"max-image-preview:large","max-video-preview":"max-video-preview:-1"},"canonical":"https:\/\/belgradetransfers.net\/sr\/mapa-sajta\/","og_locale":"sr_RS","og_type":"article","og_title":"Mapa sajta | Belgrade Transfers","og_description":"Prona\u0111ite \u017eeljenu stranicu sa na\u0161eg sajta. U mapi sajta prikazani su svi postovi i sve stranice koje su objavljene.","og_url":"https:\/\/belgradetransfers.net\/sr\/mapa-sajta\/","og_site_name":"Belgrade Transfers","article_publisher":"https:\/\/www.facebook.com\/Belgrade-Transfers-1443917099045016\/","article_modified_time":"2022-06-06T08:48:44+00:00","og_image":[{"width":1775,"height":1080,"url":"https:\/\/belgradetransfers.net\/sr\/wp-content\/uploads\/2020\/08\/3d-mockup.jpg","type":"image\/jpeg"}],"twitter_card":"summary_large_image","twitter_site":"@BGD_Transfers","twitter_misc":{"\u041f\u0440\u043e\u0446\u0435\u045a\u0435\u043d\u043e \u0432\u0440\u0435\u043c\u0435 \u0447\u0438\u0442\u0430\u045a\u0430":"1 \u043c\u0438\u043d\u0443\u0442"},"schema":{"@context":"https:\/\/schema.org","@graph":[{"@type":"WebPage","@id":"https:\/\/belgradetransfers.net\/sr\/mapa-sajta\/","url":"https:\/\/belgradetransfers.net\/sr\/mapa-sajta\/","name":"Mapa sajta | Belgrade Transfers","isPartOf":{"@id":"https:\/\/belgradetransfers.net\/sr\/#website"},"primaryImageOfPage":{"@id":"https:\/\/belgradetransfers.net\/sr\/mapa-sajta\/#primaryimage"},"image":{"@id":"https:\/\/belgradetransfers.net\/sr\/mapa-sajta\/#primaryimage"},"thumbnailUrl":"https:\/\/belgradetransfers.net\/sr\/wp-content\/uploads\/2020\/08\/3d-mockup.jpg","datePublished":"2022-05-24T14:32:10+00:00","dateModified":"2022-06-06T08:48:44+00:00","description":"Prona\u0111ite \u017eeljenu stranicu sa na\u0161eg sajta. U mapi sajta prikazani su svi postovi i sve stranice koje su objavljene.","breadcrumb":{"@id":"https:\/\/belgradetransfers.net\/sr\/mapa-sajta\/#breadcrumb"},"inLanguage":"sr-RS","potentialAction":[{"@type":"ReadAction","target":["https:\/\/belgradetransfers.net\/sr\/mapa-sajta\/"]}]},{"@type":"ImageObject","inLanguage":"sr-RS","@id":"https:\/\/belgradetransfers.net\/sr\/mapa-sajta\/#primaryimage","url":"https:\/\/belgradetransfers.net\/sr\/wp-content\/uploads\/2020\/08\/3d-mockup.jpg","contentUrl":"https:\/\/belgradetransfers.net\/sr\/wp-content\/uploads\/2020\/08\/3d-mockup.jpg","width":1775,"height":1080,"caption":"Belgrade Transfers Office"},{"@type":"BreadcrumbList","@id":"https:\/\/belgradetransfers.net\/sr\/mapa-sajta\/#breadcrumb","itemListElement":[{"@type":"ListItem","position":1,"name":"Home","item":"https:\/\/belgradetransfers.net\/sr\/"},{"@type":"ListItem","position":2,"name":"Mapa sajta"}]},{"@type":"WebSite","@id":"https:\/\/belgradetransfers.net\/sr\/#website","url":"https:\/\/belgradetransfers.net\/sr\/","name":"Belgrade Transfers","description":"Book your airport or intercity transfer in Serbia","publisher":{"@id":"https:\/\/belgradetransfers.net\/sr\/#organization"},"potentialAction":[{"@type":"SearchAction","target":{"@type":"EntryPoint","urlTemplate":"https:\/\/belgradetransfers.net\/sr\/?s={search_term_string}"},"query-input":{"@type":"PropertyValueSpecification","valueRequired":true,"valueName":"search_term_string"}}],"inLanguage":"sr-RS"},{"@type":"Organization","@id":"https:\/\/belgradetransfers.net\/sr\/#organization","name":"Belgradre Transfers","url":"https:\/\/belgradetransfers.net\/sr\/","logo":{"@type":"ImageObject","inLanguage":"sr-RS","@id":"https:\/\/belgradetransfers.net\/sr\/#\/schema\/logo\/image\/","url":"https:\/\/belgradetransfers.net\/sr\/wp-content\/uploads\/2020\/08\/BT-logo-01-e1598293711481.png","contentUrl":"https:\/\/belgradetransfers.net\/sr\/wp-content\/uploads\/2020\/08\/BT-logo-01-e1598293711481.png","width":537,"height":177,"caption":"Belgradre Transfers"},"image":{"@id":"https:\/\/belgradetransfers.net\/sr\/#\/schema\/logo\/image\/"},"sameAs":["https:\/\/www.facebook.com\/Belgrade-Transfers-1443917099045016\/","https:\/\/x.com\/BGD_Transfers","https:\/\/www.instagram.com\/belgrade_airport_transfers\/"]}]}},"_links":{"self":[{"href":"https:\/\/belgradetransfers.net\/sr\/wp-json\/wp\/v2\/pages\/1651","targetHints":{"allow":["GET"]}}],"collection":[{"href":"https:\/\/belgradetransfers.net\/sr\/wp-json\/wp\/v2\/pages"}],"about":[{"href":"https:\/\/belgradetransfers.net\/sr\/wp-json\/wp\/v2\/types\/page"}],"author":[{"embeddable":true,"href":"https:\/\/belgradetransfers.net\/sr\/wp-json\/wp\/v2\/users\/1"}],"replies":[{"embeddable":true,"href":"https:\/\/belgradetransfers.net\/sr\/wp-json\/wp\/v2\/comments?post=1651"}],"version-history":[{"count":0,"href":"https:\/\/belgradetransfers.net\/sr\/wp-json\/wp\/v2\/pages\/1651\/revisions"}],"wp:featuredmedia":[{"embeddable":true,"href":"https:\/\/belgradetransfers.net\/sr\/wp-json\/wp\/v2\/media\/867"}],"wp:attachment":[{"href":"https:\/\/belgradetransfers.net\/sr\/wp-json\/wp\/v2\/media?parent=1651"}],"curies":[{"name":"wp","href":"https:\/\/api.w.org\/{rel}","templated":true}]}}