{"id":137,"date":"2019-12-09T15:31:00","date_gmt":"2019-12-09T15:31:00","guid":{"rendered":"https:\/\/belgradetransfers.net\/sr\/?page_id=137"},"modified":"2025-02-17T10:55:19","modified_gmt":"2025-02-17T09:55:19","slug":"cena-prevoza","status":"publish","type":"page","link":"https:\/\/belgradetransfers.net\/sr\/cena-prevoza\/","title":{"rendered":"Cenovnik"},"content":{"rendered":"<p>[et_pb_section fb_built=&#8220;1&#8243; _builder_version=&#8220;4.16&#8243; global_colors_info=&#8220;{}&#8220;][et_pb_row _builder_version=&#8220;4.16&#8243; global_colors_info=&#8220;{}&#8220;][et_pb_column type=&#8220;4_4&#8243; _builder_version=&#8220;4.16&#8243; global_colors_info=&#8220;{}&#8220;][et_pb_text _builder_version=&#8220;4.16&#8243; global_colors_info=&#8220;{}&#8220;]<\/p>\n<h1 style=\"text-align: center;\">Cena taxi prevoza<\/h1>\n<p>[\/et_pb_text][et_pb_divider _builder_version=&#8220;4.16&#8243; global_colors_info=&#8220;{}&#8220;][\/et_pb_divider][et_pb_text _builder_version=&#8220;4.18.0&#8243; global_colors_info=&#8220;{}&#8220;]<\/p>\n<p style=\"text-align: center;\">Sve cene na\u0161eg taksi prevoza su bez ikakvih skrivenih tro\u0161kova. Va\u017ee za individualni transfer putnika u jednom smeru sa beogradskog aerodroma &#8222;Nikola Tesla&#8220;. Naravno, mo\u017eemo vas voziti iz bilo kog dela Beograda do drugih gradova.<\/p>\n<p style=\"text-align: center;\">Prikazane cene va\u017ee za ceo automobil koji je namenjen ekskluzivno za vas.<\/p>\n<p style=\"text-align: center;\">AKO VA\u0160E ODREDI\u0160TE NIJE PRIKAZANO U CENOVNIKU BUDITE SLOBODNI DA NAS <a href=\"https:\/\/belgradetransfers.net\/sr\/kontakt\/\"><span style=\"text-decoration: underline;\">KONTAKTIRATE<\/span><\/a><\/p>\n<p>[\/et_pb_text][\/et_pb_column][\/et_pb_row][et_pb_row _builder_version=&#8220;4.27.4&#8243; global_colors_info=&#8220;{}&#8220;][et_pb_column type=&#8220;4_4&#8243; _builder_version=&#8220;4.16&#8243; global_colors_info=&#8220;{}&#8220;][et_pb_text _builder_version=&#8220;4.27.4&#8243; global_colors_info=&#8220;{}&#8220;]<\/p>\n<h3>Fiksne cene prevoza sa aerodroma Beograd:<\/h3>\n<p>&nbsp;<\/p>\n<p><em>Cene na sajtu ne a\u017euriramo redovno. Za ta\u010dnu\u00a0 cenu molimo vas da\u00a0<a href=\"https:\/\/belgradetransfers.net\/sr\/kontakt\/\">nas kontaktirate<\/a>.<\/em><\/p>\n<p>[\/et_pb_text][et_pb_text _builder_version=&#8220;4.27.4&#8243; _module_preset=&#8220;default&#8220; overflow-x=&#8220;scroll&#8220; global_colors_info=&#8220;{}&#8220;]<\/p>\n<table>\n<thead>\n<tr>\n<th>Od<\/th>\n<th>Do<\/th>\n<th>Cena<\/th>\n<\/tr>\n<\/thead>\n<tbody>\n<tr>\n<td>Aerodrom Beograd<\/td>\n<td>Beograd<\/td>\n<td>od 30\u20ac<\/td>\n<\/tr>\n<tr>\n<td>Aerodrom Beograd<\/td>\n<td>Novi Sad<\/td>\n<td>od 85\u20ac<\/td>\n<\/tr>\n<tr>\n<td>Aerodrom Beograd<\/td>\n<td>Subotica<\/td>\n<td>od 165\u20ac<\/td>\n<\/tr>\n<tr>\n<td>Beograd<\/td>\n<td>Kragujevac<\/td>\n<td>od 120\u20ac<\/td>\n<\/tr>\n<tr>\n<td>Beograd<\/td>\n<td>Ni\u0161<\/td>\n<td>od 190\u20ac<\/td>\n<\/tr>\n<tr>\n<td>Aerodrom Beograd<\/td>\n<td>Zlatibor<\/td>\n<td>od 190\u20ac<\/td>\n<\/tr>\n<tr>\n<td>Aerodrom Beograd<\/td>\n<td>Kopaonik<\/td>\n<td>od 230\u20ac<\/td>\n<\/tr>\n<tr>\n<td>Aerodrom Beograd<\/td>\n<td>Vrnja\u010dka Banja<\/td>\n<td>od 180\u20ac<\/td>\n<\/tr>\n<tr>\n<td>Najam vozila po satu<\/td>\n<td>&#8211;<\/td>\n<td>od 25\u20ac<\/td>\n<\/tr>\n<tr>\n<td>Ostalo<\/td>\n<td>&#8211;<\/td>\n<td>Na upit<\/td>\n<\/tr>\n<\/tbody>\n<\/table>\n<p>[\/et_pb_text][et_pb_text _builder_version=&#8220;4.27.4&#8243; global_colors_info=&#8220;{}&#8220;]<\/p>\n<p>U tabeli su ceni za najpopularnije relacije. Ukoliko va\u0161e odredi\u0161te nije prikazano, <a href=\"https:\/\/belgradetransfers.net\/sr\/kontakt\/\">po\u0161aljite upit za cenu<\/a> i na\u0161i operateri \u0107e vam brzo poslati na\u0161u najbolju ponudu.<\/p>\n<p>[\/et_pb_text][\/et_pb_column][\/et_pb_row][et_pb_row column_structure=&#8220;1_2,1_2&#8243; _builder_version=&#8220;4.16&#8243; global_colors_info=&#8220;{}&#8220;][et_pb_column type=&#8220;1_2&#8243; _builder_version=&#8220;4.16&#8243; global_colors_info=&#8220;{}&#8220;][et_pb_text _builder_version=&#8220;4.18.0&#8243; global_colors_info=&#8220;{}&#8220;]<\/p>\n<h3>Uklju\u010deno u ukupnu cenu prevoza:<\/h3>\n<ul>\n<li>Jedna polazna i odredi\u0161na lokacija<\/li>\n<li>Putarine<\/li>\n<li>Fla\u0161ice sa vodom za sve putnike<\/li>\n<li>Zaustavljanje za kratku pauzu<\/li>\n<li>WIFI internet<\/li>\n<li>\u010cekanje na aerodromu<\/li>\n<li>Prtljag koji mo\u017ee stati u gepek limuzine<\/li>\n<li>Novije vozilo standard klase\u00a0 Audi A4, VW Passat, \u0160koda Octavia ili sli\u010dno<\/li>\n<\/ul>\n<p>[\/et_pb_text][\/et_pb_column][et_pb_column type=&#8220;1_2&#8243; _builder_version=&#8220;4.16&#8243; global_colors_info=&#8220;{}&#8220;][et_pb_text _builder_version=&#8220;4.27.4&#8243; global_colors_info=&#8220;{}&#8220;]<\/p>\n<h3>Nije uklju\u010deno u cenu, molimo vas da pitate za dodatke<\/h3>\n<ul>\n<li>Dodatne adrese<\/li>\n<li>Dodatno \u010dekanje (15\u20ac\/h)<\/li>\n<li>De\u010dije sedi\u0161te\u00a0 (5 \u20ac)<\/li>\n<li>Povratne vo\u017enje<\/li>\n<li>Naknadna promena odredi\u0161ne adrese<\/li>\n<li>Karavan vozilo (+5 \u20ac)<\/li>\n<li>Automobil biznis klase (+30%)<\/li>\n<li>Kombi i minibus<\/li>\n<\/ul>\n<p>[\/et_pb_text][\/et_pb_column][\/et_pb_row][\/et_pb_section][et_pb_section fb_built=&#8220;1&#8243; module_class=&#8220;parallax&#8220; _builder_version=&#8220;4.16&#8243; background_color=&#8220;rgba(255,255,255,0.82)&#8220; background_image=&#8220;https:\/\/belgradetransfers.net\/sr\/wp-content\/uploads\/2019\/12\/belgrade-2000&#215;906.jpg&#8220; background_blend=&#8220;color-dodge&#8220; custom_padding=&#8220;100px||100px|||&#8220; mix_blend_mode=&#8220;color-dodge&#8220; global_colors_info=&#8220;{}&#8220;][et_pb_row column_structure=&#8220;1_2,1_2&#8243; _builder_version=&#8220;4.16&#8243; global_colors_info=&#8220;{}&#8220;][et_pb_column type=&#8220;1_2&#8243; _builder_version=&#8220;4.16&#8243; global_colors_info=&#8220;{}&#8220;][et_pb_text _builder_version=&#8220;4.16&#8243; text_text_color=&#8220;#000000&#8243; global_colors_info=&#8220;{}&#8220;]<\/p>\n<h2 class=\"mbr-section-title mbr-fonts-style display-5\">Po\u0161alji upit za fiksnu cenu<\/h2>\n<p>[\/et_pb_text][et_pb_button button_url=&#8220;@ET-DC@eyJkeW5hbWljIjp0cnVlLCJjb250ZW50IjoicG9zdF9saW5rX3VybF9wYWdlIiwic2V0dGluZ3MiOnsicG9zdF9pZCI6IjEwOCJ9fQ==@&#8220; url_new_window=&#8220;on&#8220; button_text=&#8220;KONTAKT&#8220; button_alignment=&#8220;left&#8220; _builder_version=&#8220;4.16&#8243; _dynamic_attributes=&#8220;button_url&#8220; button_text_color=&#8220;#ffffff&#8220; button_bg_color=&#8220;#b69e59&#8243; button_icon=&#8220;%%36%%&#8220; global_colors_info=&#8220;{}&#8220;][\/et_pb_button][\/et_pb_column][et_pb_column type=&#8220;1_2&#8243; _builder_version=&#8220;4.16&#8243; global_colors_info=&#8220;{}&#8220;][\/et_pb_column][\/et_pb_row][\/et_pb_section][et_pb_section fb_built=&#8220;1&#8243; _builder_version=&#8220;4.16&#8243; background_color=&#8220;#b69e59&#8243; custom_margin=&#8220;||-60px||false|false&#8220; custom_padding=&#8220;0px||0px||true|false&#8220; saved_tabs=&#8220;all&#8220; global_colors_info=&#8220;{}&#8220;][et_pb_row column_structure=&#8220;1_2,1_2&#8243; _builder_version=&#8220;4.16&#8243; width=&#8220;100%&#8220; max_width=&#8220;2560px&#8220; module_alignment=&#8220;center&#8220; custom_padding=&#8220;0px||0px||true|false&#8220; global_colors_info=&#8220;{}&#8220;][et_pb_column type=&#8220;1_2&#8243; _builder_version=&#8220;4.16&#8243; background_color=&#8220;#b69e59&#8243; custom_padding=&#8220;25vh||25vh||true|false&#8220; custom_padding_tablet=&#8220;50px||50px||true|false&#8220; custom_padding_phone=&#8220;50px||50px||true|false&#8220; custom_padding_last_edited=&#8220;on|desktop&#8220; global_colors_info=&#8220;{}&#8220;][et_pb_icon font_icon=&#8220;&#xf262;||fa||400&#8243; icon_color=&#8220;#FFFFFF&#8220; _builder_version=&#8220;4.17.4&#8243; _module_preset=&#8220;default&#8220; global_colors_info=&#8220;{}&#8220;][\/et_pb_icon][et_pb_divider color=&#8220;#ffffff&#8220; _builder_version=&#8220;4.16&#8243; global_colors_info=&#8220;{}&#8220;][\/et_pb_divider][et_pb_text _builder_version=&#8220;4.16&#8243; text_font_size=&#8220;18px&#8220; background_layout=&#8220;dark&#8220; width=&#8220;70%&#8220; module_alignment=&#8220;center&#8220; global_colors_info=&#8220;{}&#8220;]<\/p>\n<p style=\"text-align: center;\"><span>Danas ve\u0107ina putnika koristi TripAdvisor kako bi proverila kvalitet i pouzdanost limo servisa i prevoznika poput nas. Na\u0161a posve\u0107enost poslu za rezultat ima odli\u010dne preporuke na TripAdvisor-u.<\/span><\/p>\n<p>[\/et_pb_text][et_pb_button button_url=&#8220;https:\/\/www.tripadvisor.rs\/Attraction_Review-g294472-d15308832-Reviews-Belgrade_Transfers-Belgrade.html&#8220; url_new_window=&#8220;on&#8220; button_text=&#8220;TripAdvisor preporuke&#8220; _builder_version=&#8220;4.17.4&#8243; button_text_color=&#8220;#ffffff&#8220; button_bg_color=&#8220;#b69e59&#8243; button_border_color=&#8220;#ffffff&#8220; button_icon=&#8220;%%36%%&#8220; global_colors_info=&#8220;{}&#8220;][\/et_pb_button][\/et_pb_column][et_pb_column type=&#8220;1_2&#8243; _builder_version=&#8220;4.16&#8243; global_colors_info=&#8220;{}&#8220;][et_pb_image src=&#8220;https:\/\/belgradetransfers.net\/sr\/wp-content\/uploads\/2019\/12\/belgrade-transfers-reviews-794&#215;855.png&#8220; url=&#8220;https:\/\/www.tripadvisor.rs\/Attraction_Review-g294472-d15308832-Reviews-Belgrade_Transfers-Belgrade.html&#8220; url_new_window=&#8220;on&#8220; force_fullwidth=&#8220;on&#8220; _builder_version=&#8220;4.16&#8243; global_colors_info=&#8220;{}&#8220;][\/et_pb_image][\/et_pb_column][\/et_pb_row][\/et_pb_section]<\/p>\n","protected":false},"excerpt":{"rendered":"<p>Cena taxi prevozaSve cene na\u0161eg taksi prevoza su bez ikakvih skrivenih tro\u0161kova. Va\u017ee za individualni transfer putnika u jednom smeru sa beogradskog aerodroma &#8222;Nikola Tesla&#8220;. Naravno, mo\u017eemo vas voziti iz bilo kog dela Beograda do drugih gradova. Prikazane cene va\u017ee za ceo automobil koji je namenjen ekskluzivno za vas. AKO VA\u0160E ODREDI\u0160TE NIJE PRIKAZANO U [&hellip;]<\/p>\n","protected":false},"author":1,"featured_media":1047,"parent":0,"menu_order":0,"comment_status":"closed","ping_status":"closed","template":"","meta":{"_acf_changed":false,"_et_pb_use_builder":"on","_et_pb_old_content":"","_et_gb_content_width":"","footnotes":""},"class_list":["post-137","page","type-page","status-publish","has-post-thumbnail","hentry"],"acf":[],"yoast_head":"<!-- This site is optimized with the Yoast SEO plugin v27.4 - https:\/\/yoast.com\/product\/yoast-seo-wordpress\/ -->\n<title>Cena vangradskog i aerodromskog prevoza | Belgrade Transfers<\/title>\n<meta name=\"description\" content=\"Sve istaknute cene prevoza su fiksne i bez skrivenih tro\u0161kova. Vangradski taxi ve\u0107 od 0.6 \u20ac po kilometru. Pogledajte na\u0161 cenovnik.\" \/>\n<meta name=\"robots\" content=\"index, follow, max-snippet:-1, max-image-preview:large, max-video-preview:-1\" \/>\n<link rel=\"canonical\" href=\"https:\/\/belgradetransfers.net\/sr\/cena-prevoza\/\" \/>\n<meta property=\"og:locale\" content=\"sr_RS\" \/>\n<meta property=\"og:type\" content=\"article\" \/>\n<meta property=\"og:title\" content=\"Cena vangradskog i aerodromskog prevoza | Belgrade Transfers\" \/>\n<meta property=\"og:description\" content=\"Sve istaknute cene prevoza su fiksne i bez skrivenih tro\u0161kova. Vangradski taxi ve\u0107 od 0.6 \u20ac po kilometru. Pogledajte na\u0161 cenovnik.\" \/>\n<meta property=\"og:url\" content=\"https:\/\/belgradetransfers.net\/sr\/cena-prevoza\/\" \/>\n<meta property=\"og:site_name\" content=\"Belgrade Transfers\" \/>\n<meta property=\"article:publisher\" content=\"https:\/\/www.facebook.com\/Belgrade-Transfers-1443917099045016\/\" \/>\n<meta property=\"article:modified_time\" content=\"2025-02-17T09:55:19+00:00\" \/>\n<meta property=\"og:image\" content=\"https:\/\/belgradetransfers.net\/sr\/wp-content\/uploads\/2020\/10\/3d-mockup.jpg\" \/>\n\t<meta property=\"og:image:width\" content=\"1775\" \/>\n\t<meta property=\"og:image:height\" content=\"1080\" \/>\n\t<meta property=\"og:image:type\" content=\"image\/jpeg\" \/>\n<meta name=\"twitter:card\" content=\"summary_large_image\" \/>\n<meta name=\"twitter:site\" content=\"@BGD_Transfers\" \/>\n<meta name=\"twitter:label1\" content=\"\u041f\u0440\u043e\u0446\u0435\u045a\u0435\u043d\u043e \u0432\u0440\u0435\u043c\u0435 \u0447\u0438\u0442\u0430\u045a\u0430\" \/>\n\t<meta name=\"twitter:data1\" content=\"2 \u043c\u0438\u043d\u0443\u0442\u0430\" \/>\n<script type=\"application\/ld+json\" class=\"yoast-schema-graph\">{\"@context\":\"https:\\\/\\\/schema.org\",\"@graph\":[{\"@type\":\"WebPage\",\"@id\":\"https:\\\/\\\/belgradetransfers.net\\\/sr\\\/cena-prevoza\\\/\",\"url\":\"https:\\\/\\\/belgradetransfers.net\\\/sr\\\/cena-prevoza\\\/\",\"name\":\"Cena vangradskog i aerodromskog prevoza | Belgrade Transfers\",\"isPartOf\":{\"@id\":\"https:\\\/\\\/belgradetransfers.net\\\/sr\\\/#website\"},\"primaryImageOfPage\":{\"@id\":\"https:\\\/\\\/belgradetransfers.net\\\/sr\\\/cena-prevoza\\\/#primaryimage\"},\"image\":{\"@id\":\"https:\\\/\\\/belgradetransfers.net\\\/sr\\\/cena-prevoza\\\/#primaryimage\"},\"thumbnailUrl\":\"https:\\\/\\\/belgradetransfers.net\\\/sr\\\/wp-content\\\/uploads\\\/2020\\\/10\\\/3d-mockup.jpg\",\"datePublished\":\"2019-12-09T15:31:00+00:00\",\"dateModified\":\"2025-02-17T09:55:19+00:00\",\"description\":\"Sve istaknute cene prevoza su fiksne i bez skrivenih tro\u0161kova. Vangradski taxi ve\u0107 od 0.6 \u20ac po kilometru. Pogledajte na\u0161 cenovnik.\",\"breadcrumb\":{\"@id\":\"https:\\\/\\\/belgradetransfers.net\\\/sr\\\/cena-prevoza\\\/#breadcrumb\"},\"inLanguage\":\"sr-RS\",\"potentialAction\":[{\"@type\":\"ReadAction\",\"target\":[\"https:\\\/\\\/belgradetransfers.net\\\/sr\\\/cena-prevoza\\\/\"]}]},{\"@type\":\"ImageObject\",\"inLanguage\":\"sr-RS\",\"@id\":\"https:\\\/\\\/belgradetransfers.net\\\/sr\\\/cena-prevoza\\\/#primaryimage\",\"url\":\"https:\\\/\\\/belgradetransfers.net\\\/sr\\\/wp-content\\\/uploads\\\/2020\\\/10\\\/3d-mockup.jpg\",\"contentUrl\":\"https:\\\/\\\/belgradetransfers.net\\\/sr\\\/wp-content\\\/uploads\\\/2020\\\/10\\\/3d-mockup.jpg\",\"width\":1775,\"height\":1080,\"caption\":\"Belgrade Tramsfers Logo\"},{\"@type\":\"BreadcrumbList\",\"@id\":\"https:\\\/\\\/belgradetransfers.net\\\/sr\\\/cena-prevoza\\\/#breadcrumb\",\"itemListElement\":[{\"@type\":\"ListItem\",\"position\":1,\"name\":\"Home\",\"item\":\"https:\\\/\\\/belgradetransfers.net\\\/sr\\\/\"},{\"@type\":\"ListItem\",\"position\":2,\"name\":\"Cenovnik\"}]},{\"@type\":\"WebSite\",\"@id\":\"https:\\\/\\\/belgradetransfers.net\\\/sr\\\/#website\",\"url\":\"https:\\\/\\\/belgradetransfers.net\\\/sr\\\/\",\"name\":\"Belgrade Transfers\",\"description\":\"Book your airport or intercity transfer in Serbia\",\"publisher\":{\"@id\":\"https:\\\/\\\/belgradetransfers.net\\\/sr\\\/#organization\"},\"potentialAction\":[{\"@type\":\"SearchAction\",\"target\":{\"@type\":\"EntryPoint\",\"urlTemplate\":\"https:\\\/\\\/belgradetransfers.net\\\/sr\\\/?s={search_term_string}\"},\"query-input\":{\"@type\":\"PropertyValueSpecification\",\"valueRequired\":true,\"valueName\":\"search_term_string\"}}],\"inLanguage\":\"sr-RS\"},{\"@type\":\"Organization\",\"@id\":\"https:\\\/\\\/belgradetransfers.net\\\/sr\\\/#organization\",\"name\":\"Belgradre Transfers\",\"url\":\"https:\\\/\\\/belgradetransfers.net\\\/sr\\\/\",\"logo\":{\"@type\":\"ImageObject\",\"inLanguage\":\"sr-RS\",\"@id\":\"https:\\\/\\\/belgradetransfers.net\\\/sr\\\/#\\\/schema\\\/logo\\\/image\\\/\",\"url\":\"https:\\\/\\\/belgradetransfers.net\\\/sr\\\/wp-content\\\/uploads\\\/2020\\\/08\\\/BT-logo-01-e1598293711481.png\",\"contentUrl\":\"https:\\\/\\\/belgradetransfers.net\\\/sr\\\/wp-content\\\/uploads\\\/2020\\\/08\\\/BT-logo-01-e1598293711481.png\",\"width\":537,\"height\":177,\"caption\":\"Belgradre Transfers\"},\"image\":{\"@id\":\"https:\\\/\\\/belgradetransfers.net\\\/sr\\\/#\\\/schema\\\/logo\\\/image\\\/\"},\"sameAs\":[\"https:\\\/\\\/www.facebook.com\\\/Belgrade-Transfers-1443917099045016\\\/\",\"https:\\\/\\\/x.com\\\/BGD_Transfers\",\"https:\\\/\\\/www.instagram.com\\\/belgrade_airport_transfers\\\/\"]}]}<\/script>\n<!-- \/ Yoast SEO plugin. -->","yoast_head_json":{"title":"Cena vangradskog i aerodromskog prevoza | Belgrade Transfers","description":"Sve istaknute cene prevoza su fiksne i bez skrivenih tro\u0161kova. Vangradski taxi ve\u0107 od 0.6 \u20ac po kilometru. Pogledajte na\u0161 cenovnik.","robots":{"index":"index","follow":"follow","max-snippet":"max-snippet:-1","max-image-preview":"max-image-preview:large","max-video-preview":"max-video-preview:-1"},"canonical":"https:\/\/belgradetransfers.net\/sr\/cena-prevoza\/","og_locale":"sr_RS","og_type":"article","og_title":"Cena vangradskog i aerodromskog prevoza | Belgrade Transfers","og_description":"Sve istaknute cene prevoza su fiksne i bez skrivenih tro\u0161kova. Vangradski taxi ve\u0107 od 0.6 \u20ac po kilometru. Pogledajte na\u0161 cenovnik.","og_url":"https:\/\/belgradetransfers.net\/sr\/cena-prevoza\/","og_site_name":"Belgrade Transfers","article_publisher":"https:\/\/www.facebook.com\/Belgrade-Transfers-1443917099045016\/","article_modified_time":"2025-02-17T09:55:19+00:00","og_image":[{"width":1775,"height":1080,"url":"https:\/\/belgradetransfers.net\/sr\/wp-content\/uploads\/2020\/10\/3d-mockup.jpg","type":"image\/jpeg"}],"twitter_card":"summary_large_image","twitter_site":"@BGD_Transfers","twitter_misc":{"\u041f\u0440\u043e\u0446\u0435\u045a\u0435\u043d\u043e \u0432\u0440\u0435\u043c\u0435 \u0447\u0438\u0442\u0430\u045a\u0430":"2 \u043c\u0438\u043d\u0443\u0442\u0430"},"schema":{"@context":"https:\/\/schema.org","@graph":[{"@type":"WebPage","@id":"https:\/\/belgradetransfers.net\/sr\/cena-prevoza\/","url":"https:\/\/belgradetransfers.net\/sr\/cena-prevoza\/","name":"Cena vangradskog i aerodromskog prevoza | Belgrade Transfers","isPartOf":{"@id":"https:\/\/belgradetransfers.net\/sr\/#website"},"primaryImageOfPage":{"@id":"https:\/\/belgradetransfers.net\/sr\/cena-prevoza\/#primaryimage"},"image":{"@id":"https:\/\/belgradetransfers.net\/sr\/cena-prevoza\/#primaryimage"},"thumbnailUrl":"https:\/\/belgradetransfers.net\/sr\/wp-content\/uploads\/2020\/10\/3d-mockup.jpg","datePublished":"2019-12-09T15:31:00+00:00","dateModified":"2025-02-17T09:55:19+00:00","description":"Sve istaknute cene prevoza su fiksne i bez skrivenih tro\u0161kova. Vangradski taxi ve\u0107 od 0.6 \u20ac po kilometru. Pogledajte na\u0161 cenovnik.","breadcrumb":{"@id":"https:\/\/belgradetransfers.net\/sr\/cena-prevoza\/#breadcrumb"},"inLanguage":"sr-RS","potentialAction":[{"@type":"ReadAction","target":["https:\/\/belgradetransfers.net\/sr\/cena-prevoza\/"]}]},{"@type":"ImageObject","inLanguage":"sr-RS","@id":"https:\/\/belgradetransfers.net\/sr\/cena-prevoza\/#primaryimage","url":"https:\/\/belgradetransfers.net\/sr\/wp-content\/uploads\/2020\/10\/3d-mockup.jpg","contentUrl":"https:\/\/belgradetransfers.net\/sr\/wp-content\/uploads\/2020\/10\/3d-mockup.jpg","width":1775,"height":1080,"caption":"Belgrade Tramsfers Logo"},{"@type":"BreadcrumbList","@id":"https:\/\/belgradetransfers.net\/sr\/cena-prevoza\/#breadcrumb","itemListElement":[{"@type":"ListItem","position":1,"name":"Home","item":"https:\/\/belgradetransfers.net\/sr\/"},{"@type":"ListItem","position":2,"name":"Cenovnik"}]},{"@type":"WebSite","@id":"https:\/\/belgradetransfers.net\/sr\/#website","url":"https:\/\/belgradetransfers.net\/sr\/","name":"Belgrade Transfers","description":"Book your airport or intercity transfer in Serbia","publisher":{"@id":"https:\/\/belgradetransfers.net\/sr\/#organization"},"potentialAction":[{"@type":"SearchAction","target":{"@type":"EntryPoint","urlTemplate":"https:\/\/belgradetransfers.net\/sr\/?s={search_term_string}"},"query-input":{"@type":"PropertyValueSpecification","valueRequired":true,"valueName":"search_term_string"}}],"inLanguage":"sr-RS"},{"@type":"Organization","@id":"https:\/\/belgradetransfers.net\/sr\/#organization","name":"Belgradre Transfers","url":"https:\/\/belgradetransfers.net\/sr\/","logo":{"@type":"ImageObject","inLanguage":"sr-RS","@id":"https:\/\/belgradetransfers.net\/sr\/#\/schema\/logo\/image\/","url":"https:\/\/belgradetransfers.net\/sr\/wp-content\/uploads\/2020\/08\/BT-logo-01-e1598293711481.png","contentUrl":"https:\/\/belgradetransfers.net\/sr\/wp-content\/uploads\/2020\/08\/BT-logo-01-e1598293711481.png","width":537,"height":177,"caption":"Belgradre Transfers"},"image":{"@id":"https:\/\/belgradetransfers.net\/sr\/#\/schema\/logo\/image\/"},"sameAs":["https:\/\/www.facebook.com\/Belgrade-Transfers-1443917099045016\/","https:\/\/x.com\/BGD_Transfers","https:\/\/www.instagram.com\/belgrade_airport_transfers\/"]}]}},"_links":{"self":[{"href":"https:\/\/belgradetransfers.net\/sr\/wp-json\/wp\/v2\/pages\/137","targetHints":{"allow":["GET"]}}],"collection":[{"href":"https:\/\/belgradetransfers.net\/sr\/wp-json\/wp\/v2\/pages"}],"about":[{"href":"https:\/\/belgradetransfers.net\/sr\/wp-json\/wp\/v2\/types\/page"}],"author":[{"embeddable":true,"href":"https:\/\/belgradetransfers.net\/sr\/wp-json\/wp\/v2\/users\/1"}],"replies":[{"embeddable":true,"href":"https:\/\/belgradetransfers.net\/sr\/wp-json\/wp\/v2\/comments?post=137"}],"version-history":[{"count":0,"href":"https:\/\/belgradetransfers.net\/sr\/wp-json\/wp\/v2\/pages\/137\/revisions"}],"wp:featuredmedia":[{"embeddable":true,"href":"https:\/\/belgradetransfers.net\/sr\/wp-json\/wp\/v2\/media\/1047"}],"wp:attachment":[{"href":"https:\/\/belgradetransfers.net\/sr\/wp-json\/wp\/v2\/media?parent=137"}],"curies":[{"name":"wp","href":"https:\/\/api.w.org\/{rel}","templated":true}]}}